{"id":346,"date":"2025-02-10T14:24:33","date_gmt":"2025-02-10T13:24:33","guid":{"rendered":"https:\/\/panoramafuggony.hu\/?page_id=346"},"modified":"2025-02-13T06:43:16","modified_gmt":"2025-02-13T05:43:16","slug":"2025-legkeresettebb-fuggonyei","status":"publish","type":"page","link":"https:\/\/panoramafuggony.hu\/index.php\/2025-legkeresettebb-fuggonyei\/","title":{"rendered":"2025 legkeresettebb f\u00fcgg\u00f6nyei"},"content":{"rendered":"\t\t<div data-elementor-type=\"wp-page\" data-elementor-id=\"346\" class=\"elementor elementor-346\" data-elementor-post-type=\"page\">\n\t\t\t\t<div class=\"elementor-element elementor-element-3f99c9b e-flex e-con-boxed wpr-particle-no wpr-jarallax-no wpr-parallax-no wpr-sticky-section-no e-con e-parent\" data-id=\"3f99c9b\" data-element_type=\"container\" data-e-type=\"container\" data-settings=\"{&quot;background_background&quot;:&quot;classic&quot;}\">\n\t\t\t\t\t<div class=\"e-con-inner\">\n\t\t\t\t<div class=\"elementor-element elementor-element-ff95a5b elementor-widget elementor-widget-spacer\" data-id=\"ff95a5b\" data-element_type=\"widget\" data-e-type=\"widget\" data-widget_type=\"spacer.default\">\n\t\t\t\t<div class=\"elementor-widget-container\">\n\t\t\t\t\t\t\t<div class=\"elementor-spacer\">\n\t\t\t<div class=\"elementor-spacer-inner\"><\/div>\n\t\t<\/div>\n\t\t\t\t\t\t<\/div>\n\t\t\t\t<\/div>\n\t\t\t\t<div class=\"elementor-element elementor-element-1959d83 wpr-grid-columns-3 wpr-grid-columns--tablet2 wpr-grid-columns--mobile1 wpr-item-styles-inner elementor-widget elementor-widget-wpr-woo-grid\" data-id=\"1959d83\" data-element_type=\"widget\" data-e-type=\"widget\" data-widget_type=\"wpr-woo-grid.default\">\n\t\t\t\t<div class=\"elementor-widget-container\">\n\t\t\t\t\t<ul class=\"wpr-grid-filters elementor-clearfix wpr-grid-filters-sep-right\"><li class=\" wpr-pointer-none wpr-pointer-line-fx wpr-pointer-fx-none\"><span data-filter=\"*\" class=\"wpr-active-filter \">All<\/span><em class=\"wpr-grid-filters-sep\"><\/em><\/li><li class=\" wpr-pointer-none wpr-pointer-line-fx wpr-pointer-fx-none\"><span  data-ajax-filter=[\"product_cat\",\"blackout\"] data-filter=\".product_cat-blackout\">BLACKOUT \u2013 T\u00d6K\u00c9LETES S\u00d6T\u00c9TS\u00c9G, KIFINOMULT LUXUS<\/span><em class=\"wpr-grid-filters-sep\"><\/em><\/li><\/ul><section class=\"wpr-grid elementor-clearfix\" data-settings=\"{&quot;layout&quot;:&quot;masonry&quot;,&quot;stick_last_element_to_bottom&quot;:&quot;no&quot;,&quot;columns_desktop&quot;:3,&quot;gutter_hr&quot;:20,&quot;gutter_hr_mobile&quot;:20,&quot;gutter_hr_mobile_extra&quot;:20,&quot;gutter_hr_tablet&quot;:20,&quot;gutter_hr_tablet_extra&quot;:20,&quot;gutter_hr_laptop&quot;:20,&quot;gutter_hr_widescreen&quot;:20,&quot;gutter_vr&quot;:30,&quot;gutter_vr_mobile&quot;:30,&quot;gutter_vr_mobile_extra&quot;:30,&quot;gutter_vr_tablet&quot;:30,&quot;gutter_vr_tablet_extra&quot;:30,&quot;gutter_vr_laptop&quot;:30,&quot;gutter_vr_widescreen&quot;:30,&quot;animation&quot;:&quot;default&quot;,&quot;animation_duration&quot;:0.299999999999999988897769753748434595763683319091796875,&quot;animation_delay&quot;:0.1000000000000000055511151231257827021181583404541015625,&quot;deeplinking&quot;:&quot;&quot;,&quot;filters_linkable&quot;:&quot;no&quot;,&quot;filters_default_filter&quot;:&quot;&quot;,&quot;filters_count&quot;:&quot;&quot;,&quot;filters_hide_empty&quot;:&quot;no&quot;,&quot;filters_animation&quot;:&quot;default&quot;,&quot;filters_animation_duration&quot;:0.299999999999999988897769753748434595763683319091796875,&quot;filters_animation_delay&quot;:0.1000000000000000055511151231257827021181583404541015625,&quot;pagination_type&quot;:&quot;load-more&quot;,&quot;pagination_max_pages&quot;:1,&quot;query_posts_per_page&quot;:9,&quot;lightbox&quot;:{&quot;selector&quot;:&quot;.wpr-grid-image-wrap&quot;,&quot;iframeMaxWidth&quot;:&quot;60%&quot;,&quot;hash&quot;:false,&quot;autoplay&quot;:&quot;true&quot;,&quot;pause&quot;:5000,&quot;progressBar&quot;:&quot;true&quot;,&quot;counter&quot;:&quot;true&quot;,&quot;controls&quot;:&quot;true&quot;,&quot;getCaptionFromTitleOrAlt&quot;:&quot;true&quot;,&quot;thumbnail&quot;:&quot;&quot;,&quot;showThumbByDefault&quot;:&quot;&quot;,&quot;share&quot;:&quot;&quot;,&quot;zoom&quot;:&quot;true&quot;,&quot;fullScreen&quot;:&quot;true&quot;,&quot;download&quot;:&quot;true&quot;}}\" data-advanced-filters=\"no\" data-found-posts = 5><article class=\"wpr-grid-item elementor-clearfix post-242 product type-product status-publish has-post-thumbnail product_cat-blackout entry has-media wcpa_has_options first instock taxable shipping-taxable purchasable product-type-simple col span_1_of_3 owp-content-center owp-thumbs-layout-horizontal owp-btn-normal owp-tabs-layout-horizontal\"><div class=\"wpr-grid-item-inner\"><div class=\"wpr-grid-media-wrap wpr-effect-size-medium \" data-overlay-link=\"yes\"><div class=\"wpr-grid-image-wrap\" data-src=\"https:\/\/panoramafuggony.hu\/wp-content\/uploads\/2025\/02\/pf5.jpg\"  data-img-on-hover=\"\" data-src-secondary=\"\"><img decoding=\"async\" src=\"https:\/\/panoramafuggony.hu\/wp-content\/uploads\/2025\/02\/pf5.jpg\" alt=\"Pr\u00e9mium Min\u0151s\u00e9g\u0171 F\u00fcgg\u00f6ny &#8211; pf5\" class=\"wpr-anim-timing-ease-default\"><\/div><div class=\"wpr-grid-media-hover wpr-animation-wrap\"><div class=\"wpr-grid-media-hover-bg  wpr-overlay-fade-in wpr-anim-size-large wpr-anim-timing-ease-default wpr-anim-transparency\" data-url=\"https:\/\/panoramafuggony.hu\/index.php\/termek\/premium-minosegu-fuggony-pf5\/\"><\/div><\/div><\/div><div class=\"wpr-grid-item-below-content elementor-clearfix\"><h2 class=\"wpr-grid-item-title elementor-repeater-item-088d9e5 wpr-grid-item-display-block wpr-grid-item-align-center wpr-pointer-none wpr-pointer-line-fx wpr-pointer-fx-fade\"><div class=\"inner-block\"><a target=\"_blank\"   href=\"https:\/\/panoramafuggony.hu\/index.php\/termek\/premium-minosegu-fuggony-pf5\/\">Pr\u00e9mium Min\u0151s\u00e9g\u0171 F\u00fcgg\u00f6ny &#8211; pf5<\/a><\/div><\/h2><div class=\"wpr-grid-item-product_cat elementor-repeater-item-38b2fba wpr-grid-item-display-block wpr-grid-item-align-center wpr-pointer-none wpr-pointer-line-fx wpr-pointer-fx-fade wpr-grid-product-categories\"><div class=\"inner-block\"><a  href=\"https:\/\/panoramafuggony.hu\/index.php\/termekkategoria\/blackout\/\">BLACKOUT \u2013 T\u00d6K\u00c9LETES S\u00d6T\u00c9TS\u00c9G, KIFINOMULT LUXUS<\/a><\/div><\/div><\/div><\/div><\/article><article class=\"wpr-grid-item elementor-clearfix post-241 product type-product status-publish has-post-thumbnail product_cat-blackout entry has-media wcpa_has_options  instock taxable shipping-taxable purchasable product-type-simple col span_1_of_3 owp-content-center owp-thumbs-layout-horizontal owp-btn-normal owp-tabs-layout-horizontal\"><div class=\"wpr-grid-item-inner\"><div class=\"wpr-grid-media-wrap wpr-effect-size-medium \" data-overlay-link=\"yes\"><div class=\"wpr-grid-image-wrap\" data-src=\"https:\/\/panoramafuggony.hu\/wp-content\/uploads\/2025\/02\/pf4.jpg\"  data-img-on-hover=\"\" data-src-secondary=\"\"><img decoding=\"async\" src=\"https:\/\/panoramafuggony.hu\/wp-content\/uploads\/2025\/02\/pf4.jpg\" alt=\"Pr\u00e9mium Min\u0151s\u00e9g\u0171 F\u00fcgg\u00f6ny &#8211; pf4\" class=\"wpr-anim-timing-ease-default\"><\/div><div class=\"wpr-grid-media-hover wpr-animation-wrap\"><div class=\"wpr-grid-media-hover-bg  wpr-overlay-fade-in wpr-anim-size-large wpr-anim-timing-ease-default wpr-anim-transparency\" data-url=\"https:\/\/panoramafuggony.hu\/index.php\/termek\/premium-minosegu-fuggony-pf4\/\"><\/div><\/div><\/div><div class=\"wpr-grid-item-below-content elementor-clearfix\"><h2 class=\"wpr-grid-item-title elementor-repeater-item-088d9e5 wpr-grid-item-display-block wpr-grid-item-align-center wpr-pointer-none wpr-pointer-line-fx wpr-pointer-fx-fade\"><div class=\"inner-block\"><a target=\"_blank\"   href=\"https:\/\/panoramafuggony.hu\/index.php\/termek\/premium-minosegu-fuggony-pf4\/\">Pr\u00e9mium Min\u0151s\u00e9g\u0171 F\u00fcgg\u00f6ny &#8211; pf4<\/a><\/div><\/h2><div class=\"wpr-grid-item-product_cat elementor-repeater-item-38b2fba wpr-grid-item-display-block wpr-grid-item-align-center wpr-pointer-none wpr-pointer-line-fx wpr-pointer-fx-fade wpr-grid-product-categories\"><div class=\"inner-block\"><a  href=\"https:\/\/panoramafuggony.hu\/index.php\/termekkategoria\/blackout\/\">BLACKOUT \u2013 T\u00d6K\u00c9LETES S\u00d6T\u00c9TS\u00c9G, KIFINOMULT LUXUS<\/a><\/div><\/div><\/div><\/div><\/article><article class=\"wpr-grid-item elementor-clearfix post-240 product type-product status-publish has-post-thumbnail product_cat-blackout entry has-media wcpa_has_options last instock taxable shipping-taxable purchasable product-type-simple col span_1_of_3 owp-content-center owp-thumbs-layout-horizontal owp-btn-normal owp-tabs-layout-horizontal\"><div class=\"wpr-grid-item-inner\"><div class=\"wpr-grid-media-wrap wpr-effect-size-medium \" data-overlay-link=\"yes\"><div class=\"wpr-grid-image-wrap\" data-src=\"https:\/\/panoramafuggony.hu\/wp-content\/uploads\/2025\/02\/pf3.jpg\"  data-img-on-hover=\"\" data-src-secondary=\"\"><img decoding=\"async\" src=\"https:\/\/panoramafuggony.hu\/wp-content\/uploads\/2025\/02\/pf3.jpg\" alt=\"Pr\u00e9mium Min\u0151s\u00e9g\u0171 F\u00fcgg\u00f6ny &#8211; pf3\" class=\"wpr-anim-timing-ease-default\"><\/div><div class=\"wpr-grid-media-hover wpr-animation-wrap\"><div class=\"wpr-grid-media-hover-bg  wpr-overlay-fade-in wpr-anim-size-large wpr-anim-timing-ease-default wpr-anim-transparency\" data-url=\"https:\/\/panoramafuggony.hu\/index.php\/termek\/premium-minosegu-fuggony-pf3\/\"><\/div><\/div><\/div><div class=\"wpr-grid-item-below-content elementor-clearfix\"><h2 class=\"wpr-grid-item-title elementor-repeater-item-088d9e5 wpr-grid-item-display-block wpr-grid-item-align-center wpr-pointer-none wpr-pointer-line-fx wpr-pointer-fx-fade\"><div class=\"inner-block\"><a target=\"_blank\"   href=\"https:\/\/panoramafuggony.hu\/index.php\/termek\/premium-minosegu-fuggony-pf3\/\">Pr\u00e9mium Min\u0151s\u00e9g\u0171 F\u00fcgg\u00f6ny &#8211; pf3<\/a><\/div><\/h2><div class=\"wpr-grid-item-product_cat elementor-repeater-item-38b2fba wpr-grid-item-display-block wpr-grid-item-align-center wpr-pointer-none wpr-pointer-line-fx wpr-pointer-fx-fade wpr-grid-product-categories\"><div class=\"inner-block\"><a  href=\"https:\/\/panoramafuggony.hu\/index.php\/termekkategoria\/blackout\/\">BLACKOUT \u2013 T\u00d6K\u00c9LETES S\u00d6T\u00c9TS\u00c9G, KIFINOMULT LUXUS<\/a><\/div><\/div><\/div><\/div><\/article><article class=\"wpr-grid-item elementor-clearfix post-239 product type-product status-publish has-post-thumbnail product_cat-blackout entry has-media wcpa_has_options first instock taxable shipping-taxable purchasable product-type-simple col span_1_of_3 owp-content-center owp-thumbs-layout-horizontal owp-btn-normal owp-tabs-layout-horizontal\"><div class=\"wpr-grid-item-inner\"><div class=\"wpr-grid-media-wrap wpr-effect-size-medium \" data-overlay-link=\"yes\"><div class=\"wpr-grid-image-wrap\" data-src=\"https:\/\/panoramafuggony.hu\/wp-content\/uploads\/2025\/02\/pf2.jpg\"  data-img-on-hover=\"\" data-src-secondary=\"\"><img decoding=\"async\" src=\"https:\/\/panoramafuggony.hu\/wp-content\/uploads\/2025\/02\/pf2.jpg\" alt=\"Pr\u00e9mium Min\u0151s\u00e9g\u0171 F\u00fcgg\u00f6ny &#8211; pf2\" class=\"wpr-anim-timing-ease-default\"><\/div><div class=\"wpr-grid-media-hover wpr-animation-wrap\"><div class=\"wpr-grid-media-hover-bg  wpr-overlay-fade-in wpr-anim-size-large wpr-anim-timing-ease-default wpr-anim-transparency\" data-url=\"https:\/\/panoramafuggony.hu\/index.php\/termek\/premium-minosegu-fuggony-pf2\/\"><\/div><\/div><\/div><div class=\"wpr-grid-item-below-content elementor-clearfix\"><h2 class=\"wpr-grid-item-title elementor-repeater-item-088d9e5 wpr-grid-item-display-block wpr-grid-item-align-center wpr-pointer-none wpr-pointer-line-fx wpr-pointer-fx-fade\"><div class=\"inner-block\"><a target=\"_blank\"   href=\"https:\/\/panoramafuggony.hu\/index.php\/termek\/premium-minosegu-fuggony-pf2\/\">Pr\u00e9mium Min\u0151s\u00e9g\u0171 F\u00fcgg\u00f6ny &#8211; pf2<\/a><\/div><\/h2><div class=\"wpr-grid-item-product_cat elementor-repeater-item-38b2fba wpr-grid-item-display-block wpr-grid-item-align-center wpr-pointer-none wpr-pointer-line-fx wpr-pointer-fx-fade wpr-grid-product-categories\"><div class=\"inner-block\"><a  href=\"https:\/\/panoramafuggony.hu\/index.php\/termekkategoria\/blackout\/\">BLACKOUT \u2013 T\u00d6K\u00c9LETES S\u00d6T\u00c9TS\u00c9G, KIFINOMULT LUXUS<\/a><\/div><\/div><\/div><\/div><\/article><article class=\"wpr-grid-item elementor-clearfix post-233 product type-product status-publish has-post-thumbnail product_cat-blackout entry has-media wcpa_has_options  instock taxable shipping-taxable purchasable product-type-simple col span_1_of_3 owp-content-center owp-thumbs-layout-horizontal owp-btn-normal owp-tabs-layout-horizontal\"><div class=\"wpr-grid-item-inner\"><div class=\"wpr-grid-media-wrap wpr-effect-size-medium \" data-overlay-link=\"yes\"><div class=\"wpr-grid-image-wrap\" data-src=\"https:\/\/panoramafuggony.hu\/wp-content\/uploads\/2025\/02\/pf1.jpg\"  data-img-on-hover=\"\" data-src-secondary=\"\"><img decoding=\"async\" src=\"https:\/\/panoramafuggony.hu\/wp-content\/uploads\/2025\/02\/pf1.jpg\" alt=\"Pr\u00e9mium Min\u0151s\u00e9g\u0171 F\u00fcgg\u00f6ny &#8211; pf1\" class=\"wpr-anim-timing-ease-default\"><\/div><div class=\"wpr-grid-media-hover wpr-animation-wrap\"><div class=\"wpr-grid-media-hover-bg  wpr-overlay-fade-in wpr-anim-size-large wpr-anim-timing-ease-default wpr-anim-transparency\" data-url=\"https:\/\/panoramafuggony.hu\/index.php\/termek\/premium-minosegu-fuggony-pf1\/\"><\/div><\/div><\/div><div class=\"wpr-grid-item-below-content elementor-clearfix\"><h2 class=\"wpr-grid-item-title elementor-repeater-item-088d9e5 wpr-grid-item-display-block wpr-grid-item-align-center wpr-pointer-none wpr-pointer-line-fx wpr-pointer-fx-fade\"><div class=\"inner-block\"><a target=\"_blank\"   href=\"https:\/\/panoramafuggony.hu\/index.php\/termek\/premium-minosegu-fuggony-pf1\/\">Pr\u00e9mium Min\u0151s\u00e9g\u0171 F\u00fcgg\u00f6ny &#8211; pf1<\/a><\/div><\/h2><div class=\"wpr-grid-item-product_cat elementor-repeater-item-38b2fba wpr-grid-item-display-block wpr-grid-item-align-center wpr-pointer-none wpr-pointer-line-fx wpr-pointer-fx-fade wpr-grid-product-categories\"><div class=\"inner-block\"><a  href=\"https:\/\/panoramafuggony.hu\/index.php\/termekkategoria\/blackout\/\">BLACKOUT \u2013 T\u00d6K\u00c9LETES S\u00d6T\u00c9TS\u00c9G, KIFINOMULT LUXUS<\/a><\/div><\/div><\/div><\/div><\/article><\/section>\t\t\t\t<\/div>\n\t\t\t\t<\/div>\n\t\t\t\t<div class=\"elementor-element elementor-element-2a2fa71 elementor-widget elementor-widget-spacer\" data-id=\"2a2fa71\" data-element_type=\"widget\" data-e-type=\"widget\" data-widget_type=\"spacer.default\">\n\t\t\t\t<div class=\"elementor-widget-container\">\n\t\t\t\t\t\t\t<div class=\"elementor-spacer\">\n\t\t\t<div class=\"elementor-spacer-inner\"><\/div>\n\t\t<\/div>\n\t\t\t\t\t\t<\/div>\n\t\t\t\t<\/div>\n\t\t\t\t\t<\/div>\n\t\t\t\t<\/div>\n\t\t\t\t<\/div>\n\t\t","protected":false},"excerpt":{"rendered":"<p>All BLACKOUT \u2013 T\u00d6K\u00c9LETES S\u00d6T\u00c9TS\u00c9G, KIFINOMULT LUXUS Pr\u00e9mium Min\u0151s\u00e9g\u0171 F\u00fcgg\u00f6ny &#8211; pf5 BLACKOUT \u2013 T\u00d6K\u00c9LETES S\u00d6T\u00c9TS\u00c9G, KIFINOMULT LUXUS Pr\u00e9mium Min\u0151s\u00e9g\u0171 F\u00fcgg\u00f6ny &#8211; pf4 BLACKOUT \u2013 T\u00d6K\u00c9LETES S\u00d6T\u00c9TS\u00c9G, KIFINOMULT LUXUS Pr\u00e9mium Min\u0151s\u00e9g\u0171 F\u00fcgg\u00f6ny &#8211; pf3 BLACKOUT \u2013 T\u00d6K\u00c9LETES S\u00d6T\u00c9TS\u00c9G, KIFINOMULT LUXUS Pr\u00e9mium Min\u0151s\u00e9g\u0171 F\u00fcgg\u00f6ny &#8211; pf2 BLACKOUT \u2013 T\u00d6K\u00c9LETES S\u00d6T\u00c9TS\u00c9G, KIFINOMULT LUXUS Pr\u00e9mium Min\u0151s\u00e9g\u0171 F\u00fcgg\u00f6ny &#8211; pf1 BLACKOUT \u2013 T\u00d6K\u00c9LETES S\u00d6T\u00c9TS\u00c9G, KIFINOMULT LUXUS<\/p>\n","protected":false},"author":1,"featured_media":0,"parent":0,"menu_order":0,"comment_status":"closed","ping_status":"closed","template":"","meta":{"ocean_post_layout":"","ocean_both_sidebars_style":"","ocean_both_sidebars_content_width":0,"ocean_both_sidebars_sidebars_width":0,"ocean_sidebar":"","ocean_second_sidebar":"","ocean_disable_margins":"enable","ocean_add_body_class":"","ocean_shortcode_before_top_bar":"","ocean_shortcode_after_top_bar":"","ocean_shortcode_before_header":"","ocean_shortcode_after_header":"","ocean_has_shortcode":"","ocean_shortcode_after_title":"","ocean_shortcode_before_footer_widgets":"","ocean_shortcode_after_footer_widgets":"","ocean_shortcode_before_footer_bottom":"","ocean_shortcode_after_footer_bottom":"","ocean_display_top_bar":"default","ocean_display_header":"default","ocean_header_style":"","ocean_center_header_left_menu":"","ocean_custom_header_template":"","ocean_custom_logo":0,"ocean_custom_retina_logo":0,"ocean_custom_logo_max_width":0,"ocean_custom_logo_tablet_max_width":0,"ocean_custom_logo_mobile_max_width":0,"ocean_custom_logo_max_height":0,"ocean_custom_logo_tablet_max_height":0,"ocean_custom_logo_mobile_max_height":0,"ocean_header_custom_menu":"","ocean_menu_typo_font_family":"","ocean_menu_typo_font_subset":"","ocean_menu_typo_font_size":0,"ocean_menu_typo_font_size_tablet":0,"ocean_menu_typo_font_size_mobile":0,"ocean_menu_typo_font_size_unit":"px","ocean_menu_typo_font_weight":"","ocean_menu_typo_font_weight_tablet":"","ocean_menu_typo_font_weight_mobile":"","ocean_menu_typo_transform":"","ocean_menu_typo_transform_tablet":"","ocean_menu_typo_transform_mobile":"","ocean_menu_typo_line_height":0,"ocean_menu_typo_line_height_tablet":0,"ocean_menu_typo_line_height_mobile":0,"ocean_menu_typo_line_height_unit":"","ocean_menu_typo_spacing":0,"ocean_menu_typo_spacing_tablet":0,"ocean_menu_typo_spacing_mobile":0,"ocean_menu_typo_spacing_unit":"","ocean_menu_link_color":"","ocean_menu_link_color_hover":"","ocean_menu_link_color_active":"","ocean_menu_link_background":"","ocean_menu_link_hover_background":"","ocean_menu_link_active_background":"","ocean_menu_social_links_bg":"","ocean_menu_social_hover_links_bg":"","ocean_menu_social_links_color":"","ocean_menu_social_hover_links_color":"","ocean_disable_title":"default","ocean_disable_heading":"default","ocean_post_title":"","ocean_post_subheading":"","ocean_post_title_style":"","ocean_post_title_background_color":"","ocean_post_title_background":0,"ocean_post_title_bg_image_position":"","ocean_post_title_bg_image_attachment":"","ocean_post_title_bg_image_repeat":"","ocean_post_title_bg_image_size":"","ocean_post_title_height":0,"ocean_post_title_bg_overlay":0.5,"ocean_post_title_bg_overlay_color":"","ocean_disable_breadcrumbs":"default","ocean_breadcrumbs_color":"","ocean_breadcrumbs_separator_color":"","ocean_breadcrumbs_links_color":"","ocean_breadcrumbs_links_hover_color":"","ocean_display_footer_widgets":"default","ocean_display_footer_bottom":"default","ocean_custom_footer_template":"","footnotes":""},"class_list":["post-346","page","type-page","status-publish","hentry","entry","has-media","col","span_1_of_3","owp-content-center","owp-thumbs-layout-horizontal","owp-btn-normal","owp-tabs-layout-horizontal"],"_links":{"self":[{"href":"https:\/\/panoramafuggony.hu\/index.php\/wp-json\/wp\/v2\/pages\/346","targetHints":{"allow":["GET"]}}],"collection":[{"href":"https:\/\/panoramafuggony.hu\/index.php\/wp-json\/wp\/v2\/pages"}],"about":[{"href":"https:\/\/panoramafuggony.hu\/index.php\/wp-json\/wp\/v2\/types\/page"}],"author":[{"embeddable":true,"href":"https:\/\/panoramafuggony.hu\/index.php\/wp-json\/wp\/v2\/users\/1"}],"replies":[{"embeddable":true,"href":"https:\/\/panoramafuggony.hu\/index.php\/wp-json\/wp\/v2\/comments?post=346"}],"version-history":[{"count":26,"href":"https:\/\/panoramafuggony.hu\/index.php\/wp-json\/wp\/v2\/pages\/346\/revisions"}],"predecessor-version":[{"id":1275,"href":"https:\/\/panoramafuggony.hu\/index.php\/wp-json\/wp\/v2\/pages\/346\/revisions\/1275"}],"wp:attachment":[{"href":"https:\/\/panoramafuggony.hu\/index.php\/wp-json\/wp\/v2\/media?parent=346"}],"curies":[{"name":"wp","href":"https:\/\/api.w.org\/{rel}","templated":true}]}}